


{"id":241,"date":"2012-09-18T08:37:38","date_gmt":"2012-09-18T08:37:38","guid":{"rendered":"http:\/\/www.wpexplorer.me\/premium\/fashionista\/?page_id=241"},"modified":"2016-05-05T19:06:00","modified_gmt":"2016-05-05T16:06:00","slug":"contact","status":"publish","type":"page","link":"https:\/\/www.yeryuzundebirkacadim.com\/index.php\/contact\/","title":{"rendered":"\u0130leti\u015fim"},"content":{"rendered":"<h2>T\u00fcm g\u00f6r\u00fc\u015f ve \u00f6nerileriniz i\u00e7in a\u015fa\u011f\u0131daki ileti\u015fim formunu kullanabilirsiniz.<\/h2>\n<p>[wd_contact_form id=&#8221;3&#8243;]<\/p>\n","protected":false},"excerpt":{"rendered":"<p>T\u00fcm g\u00f6r\u00fc\u015f ve \u00f6nerileriniz i\u00e7in a\u015fa\u011f\u0131daki ileti\u015fim formunu kullanabilirsiniz. [wd_contact_form id=&#8221;3&#8243;]<\/p>\n","protected":false},"author":2,"featured_media":471,"parent":0,"menu_order":0,"comment_status":"open","ping_status":"closed","template":"template-full-width.php","meta":{"footnotes":""},"class_list":["post-241","page","type-page","status-publish","has-post-thumbnail","hentry"],"_links":{"self":[{"href":"https:\/\/www.yeryuzundebirkacadim.com\/index.php\/wp-json\/wp\/v2\/pages\/241","targetHints":{"allow":["GET"]}}],"collection":[{"href":"https:\/\/www.yeryuzundebirkacadim.com\/index.php\/wp-json\/wp\/v2\/pages"}],"about":[{"href":"https:\/\/www.yeryuzundebirkacadim.com\/index.php\/wp-json\/wp\/v2\/types\/page"}],"author":[{"embeddable":true,"href":"https:\/\/www.yeryuzundebirkacadim.com\/index.php\/wp-json\/wp\/v2\/users\/2"}],"replies":[{"embeddable":true,"href":"https:\/\/www.yeryuzundebirkacadim.com\/index.php\/wp-json\/wp\/v2\/comments?post=241"}],"version-history":[{"count":3,"href":"https:\/\/www.yeryuzundebirkacadim.com\/index.php\/wp-json\/wp\/v2\/pages\/241\/revisions"}],"predecessor-version":[{"id":418,"href":"https:\/\/www.yeryuzundebirkacadim.com\/index.php\/wp-json\/wp\/v2\/pages\/241\/revisions\/418"}],"wp:featuredmedia":[{"embeddable":true,"href":"https:\/\/www.yeryuzundebirkacadim.com\/index.php\/wp-json\/wp\/v2\/media\/471"}],"wp:attachment":[{"href":"https:\/\/www.yeryuzundebirkacadim.com\/index.php\/wp-json\/wp\/v2\/media?parent=241"}],"curies":[{"name":"wp","href":"https:\/\/api.w.org\/{rel}","templated":true}]}}